{"id":22,"date":"2015-01-17T08:31:04","date_gmt":"2015-01-17T08:31:04","guid":{"rendered":"http:\/\/www.rath-elektro.at\/wp\/?page_id=22"},"modified":"2022-06-13T12:56:15","modified_gmt":"2022-06-13T12:56:15","slug":"aktuelles","status":"publish","type":"page","link":"http:\/\/www.rath-elektro.at\/wp\/?page_id=22","title":{"rendered":"Aktuelles"},"content":{"rendered":"<p>\u200b&lt;span id=&#8220;__caret&#8220;&gt;_&lt;\/span&gt;&lt;p&gt;<div class='av-hotspot-image-container avia_animate_when_almost_visible  av-hotspot-numbered av-mobile-fallback-active   av-non-fullwidth-hotspot-image '  itemscope=\"itemscope\" itemtype=\"https:\/\/schema.org\/ImageObject\"  ><div class='av-hotspot-container'><div class='av-hotspot-container-inner-cell'><div class='av-hotspot-container-inner-wrap'><img class='avia_image ' src='http:\/\/www.rath-elektro.at\/wp\/wp-content\/uploads\/2015\/01\/ScreenHunter_11-Jan.-30-12.16.jpg' alt='' title='Gruppenfoto'   itemprop=\"contentURL\"  \/><\/div><\/div><\/div><\/div><div style='height:30px' class='hr hr-invisible '><span class='hr-inner ' ><span class='hr-inner-style'><\/span><\/span><\/div><div class='template-blog '  itemscope=\"itemscope\" itemtype=\"https:\/\/schema.org\/Blog\" ><article class='post-entry post-entry-type-standard post-entry-831 post-loop-1 post-parity-odd single-big with-slider post-831 post type-post status-publish format-standard has-post-thumbnail hentry category-allgemein'  itemscope=\"itemscope\" itemtype=\"https:\/\/schema.org\/BlogPosting\" ><div class=\"big-preview single-big\"><a href=\"http:\/\/www.rath-elektro.at\/wp\/?p=831\" title=\"10-j\u00e4hriges Jubil\u00e4um 2021\"><img width=\"260\" height=\"185\" src=\"http:\/\/www.rath-elektro.at\/wp\/wp-content\/uploads\/2022\/06\/Einladung-260x185.jpg\" class=\"attachment-portfolio_small size-portfolio_small wp-post-image\" alt=\"\" loading=\"lazy\" \/><\/a><\/div><div class='blog-meta'><\/div><div class='entry-content-wrapper clearfix standard-content'><header class=\"entry-content-header\"><h2 class='post-title entry-title'  itemprop=\"headline\" >\t<a href='http:\/\/www.rath-elektro.at\/wp\/?p=831' rel='bookmark' title='Permanenter Link zu: 10-j\u00e4hriges Jubil\u00e4um 2021'>10-j\u00e4hriges Jubil\u00e4um 2021\t\t\t<span class='post-format-icon minor-meta'><\/span>\t<\/a><\/h2><span class='post-meta-infos'><time class='date-container minor-meta updated'  itemprop=\"datePublished\" datetime=\"2022-06-13T14:00:30+00:00\" >13. Juni 2022<\/time><span class='text-sep text-sep-date'>\/<\/span><span class='comment-container minor-meta'><a href=\"http:\/\/www.rath-elektro.at\/wp\/?p=831#respond\" class=\"comments-link\" >0 Kommentare<\/a><\/span><span class='text-sep text-sep-comment'>\/<\/span><span class=\"blog-categories minor-meta\">in <a href=\"http:\/\/www.rath-elektro.at\/wp\/?cat=1\" rel=\"tag\">Allgemein<\/a> <\/span><span class=\"text-sep text-sep-cat\">\/<\/span><span class=\"blog-author minor-meta\">von <span class=\"entry-author-link\"  itemprop=\"name\" ><span class=\"vcard author\"><span class=\"fn\"><a href=\"http:\/\/www.rath-elektro.at\/wp\/?author=49\" title=\"Beitr\u00e4ge von Paul Noha\" rel=\"author\">Paul Noha<\/a><\/span><\/span><\/span><\/span><\/span><\/header><div class=\"entry-content\"  itemprop=\"text\" ><p>Im Jahr 2021 feierten wir das 10-j\u00e4hrige Jubil\u00e4um mit einem Grillfest. Ebenfalls wurde Alexander Lang f\u00fcr die 10-j\u00e4hrige Mitarbeit gefeiert.<\/p>\n<div class=\"read-more-link\"><a href=\"http:\/\/www.rath-elektro.at\/wp\/?p=831\" class=\"more-link\">Weiterlesen<span class=\"more-link-arrow\">  &rarr;<\/span><\/a><\/div>\n<\/div><footer class=\"entry-footer\"><\/footer><div class='post_delimiter'><\/div><\/div><div class='post_author_timeline'><\/div><\/article><article class='post-entry post-entry-type-standard post-entry-511 post-loop-2 post-parity-even single-big with-slider post-511 post type-post status-publish format-standard has-post-thumbnail hentry category-allgemein'  itemscope=\"itemscope\" itemtype=\"https:\/\/schema.org\/BlogPosting\" ><div class=\"big-preview single-big\"><a href=\"http:\/\/www.rath-elektro.at\/wp\/?p=511\" title=\"Flyer\"><img width=\"260\" height=\"185\" src=\"http:\/\/www.rath-elektro.at\/wp\/wp-content\/uploads\/2015\/01\/ScreenHunter_07-Jan.-29-20.00-260x185.jpg\" class=\"attachment-portfolio_small size-portfolio_small wp-post-image\" alt=\"\" loading=\"lazy\" \/><\/a><\/div><div class='blog-meta'><\/div><div class='entry-content-wrapper clearfix standard-content'><header class=\"entry-content-header\"><h2 class='post-title entry-title'  itemprop=\"headline\" >\t<a href='http:\/\/www.rath-elektro.at\/wp\/?p=511' rel='bookmark' title='Permanenter Link zu: Sponsoring Sylvesterlauf Ottensheim, 2014'>Sponsoring Sylvesterlauf Ottensheim, 2014\t\t\t<span class='post-format-icon minor-meta'><\/span>\t<\/a><\/h2><span class='post-meta-infos'><time class='date-container minor-meta updated'  itemprop=\"datePublished\" datetime=\"2014-12-31T20:00:00+00:00\" >31. Dezember 2014<\/time><span class='text-sep text-sep-date'>\/<\/span><span class='comment-container minor-meta'><a href=\"http:\/\/www.rath-elektro.at\/wp\/?p=511#respond\" class=\"comments-link\" >0 Kommentare<\/a><\/span><span class='text-sep text-sep-comment'>\/<\/span><span class=\"blog-categories minor-meta\">in <a href=\"http:\/\/www.rath-elektro.at\/wp\/?cat=1\" rel=\"tag\">Allgemein<\/a> <\/span><span class=\"text-sep text-sep-cat\">\/<\/span><span class=\"blog-author minor-meta\">von <span class=\"entry-author-link\"  itemprop=\"name\" ><span class=\"vcard author\"><span class=\"fn\"><a href=\"http:\/\/www.rath-elektro.at\/wp\/?author=1\" title=\"Beitr\u00e4ge von Roland Rath\" rel=\"author\">Roland Rath<\/a><\/span><\/span><\/span><\/span><\/span><\/header><div class=\"entry-content\"  itemprop=\"text\" ><p>Auch heuer haben wir uns am Ottensheimer Sylvesterlauf beteiligt und f\u00fcr alle L\u00e4ufer einen Sektempfang vorbereitet. &nbsp; &nbsp;<\/p>\n<div class=\"read-more-link\"><a href=\"http:\/\/www.rath-elektro.at\/wp\/?p=511\" class=\"more-link\">Weiterlesen<span class=\"more-link-arrow\">  &rarr;<\/span><\/a><\/div>\n<\/div><footer class=\"entry-footer\"><\/footer><div class='post_delimiter'><\/div><\/div><div class='post_author_timeline'><\/div><\/article><article class='post-entry post-entry-type-gallery post-entry-524 post-loop-3 post-parity-odd single-big with-slider post-524 post type-post status-publish format-gallery has-post-thumbnail hentry category-allgemein post_format-post-format-gallery'  itemscope=\"itemscope\" itemtype=\"https:\/\/schema.org\/BlogPosting\" ><div class=\"big-preview single-big\"><a href=\"http:\/\/www.rath-elektro.at\/wp\/?p=524\" title=\"Christian Rath\"><img width=\"260\" height=\"185\" src=\"http:\/\/www.rath-elektro.at\/wp\/wp-content\/uploads\/2015\/01\/20140920_155642_gucki-260x185.jpg\" class=\"attachment-portfolio_small size-portfolio_small wp-post-image\" alt=\"\" loading=\"lazy\" \/><\/a><\/div><div class='blog-meta'><\/div><div class='entry-content-wrapper clearfix gallery-content'><header class=\"entry-content-header\"><h2 class='post-title entry-title'  itemprop=\"headline\" >\t<a href='http:\/\/www.rath-elektro.at\/wp\/?p=524' rel='bookmark' title='Permanenter Link zu: Donaulauf Ottensheim, 2014'>Donaulauf Ottensheim, 2014\t\t\t<span class='post-format-icon minor-meta'><\/span>\t<\/a><\/h2><span class='post-meta-infos'><time class='date-container minor-meta updated'  itemprop=\"datePublished\" datetime=\"2014-09-20T20:00:23+00:00\" >20. September 2014<\/time><span class='text-sep text-sep-date'>\/<\/span><span class='comment-container minor-meta'><a href=\"http:\/\/www.rath-elektro.at\/wp\/?p=524#respond\" class=\"comments-link\" >0 Kommentare<\/a><\/span><span class='text-sep text-sep-comment'>\/<\/span><span class=\"blog-categories minor-meta\">in <a href=\"http:\/\/www.rath-elektro.at\/wp\/?cat=1\" rel=\"tag\">Allgemein<\/a> <\/span><span class=\"text-sep text-sep-cat\">\/<\/span><span class=\"blog-author minor-meta\">von <span class=\"entry-author-link\"  itemprop=\"name\" ><span class=\"vcard author\"><span class=\"fn\"><a href=\"http:\/\/www.rath-elektro.at\/wp\/?author=1\" title=\"Beitr\u00e4ge von Roland Rath\" rel=\"author\">Roland Rath<\/a><\/span><\/span><\/span><\/span><\/span><\/header><div class=\"entry-content\"  itemprop=\"text\" ><p>Der Ottensheimer Donaulauf ist f\u00fcr uns immer eine besondere Laufveranstalltung. Diese Jahr fand der Donaulauf am 20.9.2014 statt. Unsere Teilnehmer: Eva Rath Roland Rath Christian Rath Stummer Thomas Haslinger Gerald Deibl Timo<\/p>\n<div class=\"read-more-link\"><a href=\"http:\/\/www.rath-elektro.at\/wp\/?p=524\" class=\"more-link\">Weiterlesen<span class=\"more-link-arrow\">  &rarr;<\/span><\/a><\/div>\n<\/div><footer class=\"entry-footer\"><\/footer><div class='post_delimiter'><\/div><\/div><div class='post_author_timeline'><\/div><\/article><article class='post-entry post-entry-type-standard post-entry-537 post-loop-4 post-parity-even single-big with-slider post-537 post type-post status-publish format-standard has-post-thumbnail hentry category-allgemein'  itemscope=\"itemscope\" itemtype=\"https:\/\/schema.org\/BlogPosting\" ><div class=\"big-preview single-big\"><a href=\"http:\/\/www.rath-elektro.at\/wp\/?p=537\" title=\"Gerald Haslinger\"><img width=\"260\" height=\"185\" src=\"http:\/\/www.rath-elektro.at\/wp\/wp-content\/uploads\/2015\/01\/20140920_152255_gucki-260x185.jpg\" class=\"attachment-portfolio_small size-portfolio_small wp-post-image\" alt=\"\" loading=\"lazy\" \/><\/a><\/div><div class='blog-meta'><\/div><div class='entry-content-wrapper clearfix standard-content'><header class=\"entry-content-header\"><h2 class='post-title entry-title'  itemprop=\"headline\" >\t<a href='http:\/\/www.rath-elektro.at\/wp\/?p=537' rel='bookmark' title='Permanenter Link zu: Donaulauf Ottensheim, 2013'>Donaulauf Ottensheim, 2013\t\t\t<span class='post-format-icon minor-meta'><\/span>\t<\/a><\/h2><span class='post-meta-infos'><time class='date-container minor-meta updated'  itemprop=\"datePublished\" datetime=\"2013-09-29T21:49:10+00:00\" >29. September 2013<\/time><span class='text-sep text-sep-date'>\/<\/span><span class='comment-container minor-meta'><a href=\"http:\/\/www.rath-elektro.at\/wp\/?p=537#respond\" class=\"comments-link\" >0 Kommentare<\/a><\/span><span class='text-sep text-sep-comment'>\/<\/span><span class=\"blog-categories minor-meta\">in <a href=\"http:\/\/www.rath-elektro.at\/wp\/?cat=1\" rel=\"tag\">Allgemein<\/a> <\/span><span class=\"text-sep text-sep-cat\">\/<\/span><span class=\"blog-author minor-meta\">von <span class=\"entry-author-link\"  itemprop=\"name\" ><span class=\"vcard author\"><span class=\"fn\"><a href=\"http:\/\/www.rath-elektro.at\/wp\/?author=1\" title=\"Beitr\u00e4ge von Roland Rath\" rel=\"author\">Roland Rath<\/a><\/span><\/span><\/span><\/span><\/span><\/header><div class=\"entry-content\"  itemprop=\"text\" ><p>Auch heuer sind wir beim Donaulauf Ottensheim dabei. Teilnehmer: Kremmaier Robert Michaela Weiss Seifried Nadja Lang Tina Rath Roland Haslinger Gerald Deibl Timo Rath Eva Stummer Thomas Meisinger Gerald Rath Christian Lang Alexander Erlinger Markus &nbsp;<\/p>\n<div class=\"read-more-link\"><a href=\"http:\/\/www.rath-elektro.at\/wp\/?p=537\" class=\"more-link\">Weiterlesen<span class=\"more-link-arrow\">  &rarr;<\/span><\/a><\/div>\n<\/div><footer class=\"entry-footer\"><\/footer><div class='post_delimiter'><\/div><\/div><div class='post_author_timeline'><\/div><\/article><article class='post-entry post-entry-type-gallery post-entry-539 post-loop-5 post-parity-odd single-big with-slider post-539 post type-post status-publish format-gallery has-post-thumbnail hentry category-allgemein post_format-post-format-gallery'  itemscope=\"itemscope\" itemtype=\"https:\/\/schema.org\/BlogPosting\" ><div class=\"big-preview single-big\"><a href=\"http:\/\/www.rath-elektro.at\/wp\/?p=539\" title=\"12. Businesslauf Linz, 2013\"><img width=\"260\" height=\"185\" src=\"http:\/\/www.rath-elektro.at\/wp\/wp-content\/uploads\/2013\/09\/Businesslauf2013-260x185.jpg\" class=\"attachment-portfolio_small size-portfolio_small wp-post-image\" alt=\"\" loading=\"lazy\" \/><\/a><\/div><div class='blog-meta'><\/div><div class='entry-content-wrapper clearfix gallery-content'><header class=\"entry-content-header\"><h2 class='post-title entry-title'  itemprop=\"headline\" >\t<a href='http:\/\/www.rath-elektro.at\/wp\/?p=539' rel='bookmark' title='Permanenter Link zu: 12. Businesslauf Linz, 2013'>12. Businesslauf Linz, 2013\t\t\t<span class='post-format-icon minor-meta'><\/span>\t<\/a><\/h2><span class='post-meta-infos'><time class='date-container minor-meta updated'  itemprop=\"datePublished\" datetime=\"2013-09-03T21:50:58+00:00\" >3. September 2013<\/time><span class='text-sep text-sep-date'>\/<\/span><span class='comment-container minor-meta'><a href=\"http:\/\/www.rath-elektro.at\/wp\/?p=539#respond\" class=\"comments-link\" >0 Kommentare<\/a><\/span><span class='text-sep text-sep-comment'>\/<\/span><span class=\"blog-categories minor-meta\">in <a href=\"http:\/\/www.rath-elektro.at\/wp\/?cat=1\" rel=\"tag\">Allgemein<\/a> <\/span><span class=\"text-sep text-sep-cat\">\/<\/span><span class=\"blog-author minor-meta\">von <span class=\"entry-author-link\"  itemprop=\"name\" ><span class=\"vcard author\"><span class=\"fn\"><a href=\"http:\/\/www.rath-elektro.at\/wp\/?author=1\" title=\"Beitr\u00e4ge von Roland Rath\" rel=\"author\">Roland Rath<\/a><\/span><\/span><\/span><\/span><\/span><\/header><div class=\"entry-content\"  itemprop=\"text\" ><p>Unser 3er Team beim 12. Linzer Businesslauf am 3. September 2013 Thomas Stummer Haslinger Gerald Haslinger Roland Rath<\/p>\n<div class=\"read-more-link\"><a href=\"http:\/\/www.rath-elektro.at\/wp\/?p=539\" class=\"more-link\">Weiterlesen<span class=\"more-link-arrow\">  &rarr;<\/span><\/a><\/div>\n<\/div><footer class=\"entry-footer\"><\/footer><div class='post_delimiter'><\/div><\/div><div class='post_author_timeline'><\/div><\/article><article class='post-entry post-entry-type-gallery post-entry-590 post-loop-6 post-parity-even post-entry-last single-big with-slider post-590 post type-post status-publish format-gallery has-post-thumbnail hentry category-allgemein post_format-post-format-gallery'  itemscope=\"itemscope\" itemtype=\"https:\/\/schema.org\/BlogPosting\" ><div class=\"big-preview single-big\"><a href=\"http:\/\/www.rath-elektro.at\/wp\/?p=590\" title=\"Roland Rath\nAlexander Lang\"><img width=\"260\" height=\"185\" src=\"http:\/\/www.rath-elektro.at\/wp\/wp-content\/uploads\/2013\/09\/Firmenschitag2013_01-260x185.jpg\" class=\"attachment-portfolio_small size-portfolio_small wp-post-image\" alt=\"\" loading=\"lazy\" \/><\/a><\/div><div class='blog-meta'><\/div><div class='entry-content-wrapper clearfix gallery-content'><header class=\"entry-content-header\"><h2 class='post-title entry-title'  itemprop=\"headline\" >\t<a href='http:\/\/www.rath-elektro.at\/wp\/?p=590' rel='bookmark' title='Permanenter Link zu: Firmenschitag 2013'>Firmenschitag 2013\t\t\t<span class='post-format-icon minor-meta'><\/span>\t<\/a><\/h2><span class='post-meta-infos'><time class='date-container minor-meta updated'  itemprop=\"datePublished\" datetime=\"2013-03-08T12:35:59+00:00\" >8. M\u00e4rz 2013<\/time><span class='text-sep text-sep-date'>\/<\/span><span class='comment-container minor-meta'><a href=\"http:\/\/www.rath-elektro.at\/wp\/?p=590#respond\" class=\"comments-link\" >0 Kommentare<\/a><\/span><span class='text-sep text-sep-comment'>\/<\/span><span class=\"blog-categories minor-meta\">in <a href=\"http:\/\/www.rath-elektro.at\/wp\/?cat=1\" rel=\"tag\">Allgemein<\/a> <\/span><span class=\"text-sep text-sep-cat\">\/<\/span><span class=\"blog-author minor-meta\">von <span class=\"entry-author-link\"  itemprop=\"name\" ><span class=\"vcard author\"><span class=\"fn\"><a href=\"http:\/\/www.rath-elektro.at\/wp\/?author=1\" title=\"Beitr\u00e4ge von Roland Rath\" rel=\"author\">Roland Rath<\/a><\/span><\/span><\/span><\/span><\/span><\/header><div class=\"entry-content\"  itemprop=\"text\" ><p>Unser Firmenschitag fand heuer am 8. M\u00e4rz 2013 statt.<\/p>\n<div class=\"read-more-link\"><a href=\"http:\/\/www.rath-elektro.at\/wp\/?p=590\" class=\"more-link\">Weiterlesen<span class=\"more-link-arrow\">  &rarr;<\/span><\/a><\/div>\n<\/div><footer class=\"entry-footer\"><\/footer><div class='post_delimiter'><\/div><\/div><div class='post_author_timeline'><\/div><\/article><div class='single-big'><nav class='pagination'><span class='pagination-meta'>Seite 1 von 2<\/span><span class='current'>1<\/span><a href='http:\/\/www.rath-elektro.at\/wp\/index.php?rest_route=%2Fwp%2Fv2%2Fpages%2F22&#038;paged=2' class='inactive' >2<\/a><\/nav>\n<\/div><\/div>&lt;\/p&gt;<\/p>\n","protected":false},"excerpt":{"rendered":"<p>\u200b&lt;span id=&#8220;__caret&#8220;&gt;_&lt;\/span&gt;&lt;p&gt;&lt;\/p&gt;<\/p>\n","protected":false},"author":1,"featured_media":0,"parent":0,"menu_order":11,"comment_status":"open","ping_status":"closed","template":"","meta":[],"_links":{"self":[{"href":"http:\/\/www.rath-elektro.at\/wp\/index.php?rest_route=\/wp\/v2\/pages\/22"}],"collection":[{"href":"http:\/\/www.rath-elektro.at\/wp\/index.php?rest_route=\/wp\/v2\/pages"}],"about":[{"href":"http:\/\/www.rath-elektro.at\/wp\/index.php?rest_route=\/wp\/v2\/types\/page"}],"author":[{"embeddable":true,"href":"http:\/\/www.rath-elektro.at\/wp\/index.php?rest_route=\/wp\/v2\/users\/1"}],"replies":[{"embeddable":true,"href":"http:\/\/www.rath-elektro.at\/wp\/index.php?rest_route=%2Fwp%2Fv2%2Fcomments&post=22"}],"version-history":[{"count":33,"href":"http:\/\/www.rath-elektro.at\/wp\/index.php?rest_route=\/wp\/v2\/pages\/22\/revisions"}],"predecessor-version":[{"id":829,"href":"http:\/\/www.rath-elektro.at\/wp\/index.php?rest_route=\/wp\/v2\/pages\/22\/revisions\/829"}],"wp:attachment":[{"href":"http:\/\/www.rath-elektro.at\/wp\/index.php?rest_route=%2Fwp%2Fv2%2Fmedia&parent=22"}],"curies":[{"name":"wp","href":"https:\/\/api.w.org\/{rel}","templated":true}]}}