{"id":33,"date":"2015-01-17T08:36:32","date_gmt":"2015-01-17T08:36:32","guid":{"rendered":"http:\/\/www.rath-elektro.at\/wp\/?page_id=33"},"modified":"2015-01-31T13:08:48","modified_gmt":"2015-01-31T13:08:48","slug":"it-loesungen","status":"publish","type":"page","link":"http:\/\/www.rath-elektro.at\/wp\/?page_id=33","title":{"rendered":"IT-L\u00f6sungen"},"content":{"rendered":"<div class='av-hotspot-image-container avia_animate_when_almost_visible  av-hotspot-numbered av-mobile-fallback-active   av-non-fullwidth-hotspot-image '  itemscope=\"itemscope\" itemtype=\"https:\/\/schema.org\/ImageObject\"  ><div class='av-hotspot-container'><div class='av-hotspot-container-inner-cell'><div class='av-hotspot-container-inner-wrap'><img class='avia_image ' src='http:\/\/www.rath-elektro.at\/wp\/wp-content\/uploads\/2015\/01\/Netzwerk.jpg' alt='' title='Netzwerk'   itemprop=\"contentURL\"  \/><\/div><\/div><\/div><\/div>\n<div style='height:50px' class='hr hr-invisible '><span class='hr-inner ' ><span class='hr-inner-style'><\/span><\/span><\/div>\n<div class=\"flex_column av_one_half first  \"><div class='avia-gallery avia-gallery-1 avia_lazyload avia_animate_when_visible '  itemscope=\"itemscope\" itemtype=\"https:\/\/schema.org\/ImageObject\" ><a class='avia-gallery-big fakeLightbox lightbox avia-gallery-big-crop-thumb ' href='http:\/\/www.rath-elektro.at\/wp\/wp-content\/uploads\/2015\/01\/IT-Netzwerk.jpg'  data-onclick='1' title='' ><span class='avia-gallery-big-inner'  itemprop=\"contentURL\" >\t<img width='495' height='400' src='http:\/\/www.rath-elektro.at\/wp\/wp-content\/uploads\/2015\/01\/IT-Netzwerk-495x400.jpg' title='IT-Netzwerk' alt='' \/><\/span><\/a><div class='avia-gallery-thumb'> <a href='http:\/\/www.rath-elektro.at\/wp\/wp-content\/uploads\/2015\/01\/IT-Netzwerk.jpg' data-rel='gallery-1' data-prev-img='http:\/\/www.rath-elektro.at\/wp\/wp-content\/uploads\/2015\/01\/IT-Netzwerk-495x400.jpg' class='first_thumb lightbox ' data-onclick='1' title=''  itemprop=\"contentURL\" ><img  src='http:\/\/www.rath-elektro.at\/wp\/wp-content\/uploads\/2015\/01\/IT-Netzwerk-495x400.jpg' width='495' height='400'  title='IT-Netzwerk' alt='' \/><\/a> <a href='http:\/\/www.rath-elektro.at\/wp\/wp-content\/uploads\/2015\/01\/IT_01.jpg' data-rel='gallery-1' data-prev-img='http:\/\/www.rath-elektro.at\/wp\/wp-content\/uploads\/2015\/01\/IT_01-495x400.jpg' class='lightbox ' data-onclick='2' title='Cat6a'  itemprop=\"contentURL\" ><img data-avia-tooltip='Cat6a' src='http:\/\/www.rath-elektro.at\/wp\/wp-content\/uploads\/2015\/01\/IT_01-495x400.jpg' width='495' height='400'  title='Netzwerk' alt='' \/><\/a> <a href='http:\/\/www.rath-elektro.at\/wp\/wp-content\/uploads\/2015\/01\/ScreenHunter_12-Jan.-30-14.51-1030x341.jpg' data-rel='gallery-1' data-prev-img='http:\/\/www.rath-elektro.at\/wp\/wp-content\/uploads\/2015\/01\/ScreenHunter_12-Jan.-30-14.51-495x400.jpg' class='lightbox ' data-onclick='3' title=''  itemprop=\"contentURL\" ><img  src='http:\/\/www.rath-elektro.at\/wp\/wp-content\/uploads\/2015\/01\/ScreenHunter_12-Jan.-30-14.51-495x400.jpg' width='495' height='400'  title='' alt='' \/><\/a><\/div><\/div><\/div><div class=\"flex_column av_one_half   \"><p><div style='padding-bottom:10px;' class='av-special-heading av-special-heading-h2    '><h2 class='av-special-heading-tag'  itemprop=\"headline\"  >IT-L\u00f6sungen<\/h2><div class='special-heading-border'><div class='special-heading-inner-border' ><\/div><\/div><\/div><br \/>\n<section class=\"av_textblock_section\"  itemscope=\"itemscope\" itemtype=\"https:\/\/schema.org\/CreativeWork\" ><div class='avia_textblock '   itemprop=\"text\" ><p>Die rasante Fortentwicklung der Informationstechnologie (IT) und die stetig wachsende Anzahl an EDV Applikationen verlangen eine permanente Verf\u00fcgbarkeit, Datensicherheit, Bandbreite, Flexibilit\u00e4t und die gesicherte Stromversorgung. Veraltete und mangelhafte Installationen, Systeme und Komponenten f\u00fchren oft zu Stillstandszeiten und Produktionsausf\u00e4llen. Kurzzeitige Unterbrechungen und Funktionsst\u00f6rungen habe hohe Kosten zur Folge.<\/p>\n<\/div><\/section><br \/>\n<div class=\"togglecontainer toggle_close_all \">\n<section class=\"av_toggle_section\"  itemscope=\"itemscope\" itemtype=\"https:\/\/schema.org\/CreativeWork\" >    <div class=\"single_toggle\" data-tags=\"{Alle} \" >        <p data-fake-id=\"#toggle-id-1\" class=\"toggler \"  itemprop=\"headline\" >Netzwerkverkabelung<span class=\"toggle_icon\">        <span class=\"vert_icon\"><\/span><span class=\"hor_icon\"><\/span><\/span><\/p>        <div id=\"toggle-id-1-container\" class=\"toggle_wrap \" >            <div class=\"toggle_content invers-color\"  itemprop=\"text\" ><p>Montage von Strukturierten Verkabelungen<br \/>\nAufbau und Verdrahtung EDV Netzwerkschr\u00e4nken<br \/>\nAnschlu\u00df und Komplettierung von Netzwerkdosen<br \/>\nMessung und Protokollierung<br \/>\nDokumentation<\/p>\n            <\/div>        <\/div>    <\/div><\/section>\n<section class=\"av_toggle_section\"  itemscope=\"itemscope\" itemtype=\"https:\/\/schema.org\/CreativeWork\" >    <div class=\"single_toggle\" data-tags=\"{Alle} \" >        <p data-fake-id=\"#toggle-id-2\" class=\"toggler \"  itemprop=\"headline\" >Telefon- und Sprechanlagen<span class=\"toggle_icon\">        <span class=\"vert_icon\"><\/span><span class=\"hor_icon\"><\/span><\/span><\/p>        <div id=\"toggle-id-2-container\" class=\"toggle_wrap \" >            <div class=\"toggle_content invers-color\"  itemprop=\"text\" ><p>Verkabelung Telefon- und Sprechanlagen<br \/>\nEinsatz von Audio- und Video T\u00fcrsprechanlagen<br \/>\nMontage und Inbetriebnahme<br \/>\nEinbindung von Zutrittssystemen in Sprechanlagen (Fingerprint, Codeschloss,..)<br \/>\nSchulung und Dokumentation<\/p>\n            <\/div>        <\/div>    <\/div><\/section>\n<section class=\"av_toggle_section\"  itemscope=\"itemscope\" itemtype=\"https:\/\/schema.org\/CreativeWork\" >    <div class=\"single_toggle\" data-tags=\"{Alle} \" >        <p data-fake-id=\"#toggle-id-3\" class=\"toggler \"  itemprop=\"headline\" >Funknetzsysteme<span class=\"toggle_icon\">        <span class=\"vert_icon\"><\/span><span class=\"hor_icon\"><\/span><\/span><\/p>        <div id=\"toggle-id-3-container\" class=\"toggle_wrap \" >            <div class=\"toggle_content invers-color\"  itemprop=\"text\" ><p>Design von WLAN Hotspots<br \/>\nKonfiguration von WLAN- Routern<br \/>\nDokumentation<\/p>\n            <\/div>        <\/div>    <\/div><\/section>\n<section class=\"av_toggle_section\"  itemscope=\"itemscope\" itemtype=\"https:\/\/schema.org\/CreativeWork\" >    <div class=\"single_toggle\" data-tags=\"{Alle} \" >        <p data-fake-id=\"#toggle-id-4\" class=\"toggler \"  itemprop=\"headline\" >Visualisierung und Geb\u00e4udemanagement<span class=\"toggle_icon\">        <span class=\"vert_icon\"><\/span><span class=\"hor_icon\"><\/span><\/span><\/p>        <div id=\"toggle-id-4-container\" class=\"toggle_wrap \" >            <div class=\"toggle_content invers-color\"  itemprop=\"text\" ><p>\u00dcberwachung und Visualisierung von Zust\u00e4nden, Ereignissen und Verl\u00e4ufe<br \/>\nProgrammierung und Parametrierung<br \/>\nInbetriebnahme und Schulung<br \/>\nDokumentation<\/p>\n            <\/div>        <\/div>    <\/div><\/section>\n<\/div><\/p><\/div><\/p>\n<div class=\"flex_column av_one_third first  \"><\/div>\n","protected":false},"excerpt":{"rendered":"","protected":false},"author":1,"featured_media":0,"parent":18,"menu_order":7,"comment_status":"open","ping_status":"closed","template":"","meta":[],"_links":{"self":[{"href":"http:\/\/www.rath-elektro.at\/wp\/index.php?rest_route=\/wp\/v2\/pages\/33"}],"collection":[{"href":"http:\/\/www.rath-elektro.at\/wp\/index.php?rest_route=\/wp\/v2\/pages"}],"about":[{"href":"http:\/\/www.rath-elektro.at\/wp\/index.php?rest_route=\/wp\/v2\/types\/page"}],"author":[{"embeddable":true,"href":"http:\/\/www.rath-elektro.at\/wp\/index.php?rest_route=\/wp\/v2\/users\/1"}],"replies":[{"embeddable":true,"href":"http:\/\/www.rath-elektro.at\/wp\/index.php?rest_route=%2Fwp%2Fv2%2Fcomments&post=33"}],"version-history":[{"count":11,"href":"http:\/\/www.rath-elektro.at\/wp\/index.php?rest_route=\/wp\/v2\/pages\/33\/revisions"}],"predecessor-version":[{"id":653,"href":"http:\/\/www.rath-elektro.at\/wp\/index.php?rest_route=\/wp\/v2\/pages\/33\/revisions\/653"}],"up":[{"embeddable":true,"href":"http:\/\/www.rath-elektro.at\/wp\/index.php?rest_route=\/wp\/v2\/pages\/18"}],"wp:attachment":[{"href":"http:\/\/www.rath-elektro.at\/wp\/index.php?rest_route=%2Fwp%2Fv2%2Fmedia&parent=33"}],"curies":[{"name":"wp","href":"https:\/\/api.w.org\/{rel}","templated":true}]}}