{"id":8,"date":"2015-01-16T22:08:44","date_gmt":"2015-01-16T22:08:44","guid":{"rendered":"http:\/\/www.rath-elektro.at\/wp\/?page_id=8"},"modified":"2015-02-04T12:50:25","modified_gmt":"2015-02-04T12:50:25","slug":"startseite","status":"publish","type":"page","link":"http:\/\/www.rath-elektro.at\/wp\/","title":{"rendered":"Startseite"},"content":{"rendered":"<section class=\"av_textblock_section\"  itemscope=\"itemscope\" itemtype=\"https:\/\/schema.org\/CreativeWork\" ><div class='avia_textblock '   itemprop=\"text\" ><p>[layerslider id=&#8220;3&#8243;]<\/p>\n<\/div><\/section>\n<div class=\"flex_column av_one_half first  \"><p><div style='height:25px' class='hr hr-invisible '><span class='hr-inner ' ><span class='hr-inner-style'><\/span><\/span><\/div><br \/>\n<section class=\"av_textblock_section\"  itemscope=\"itemscope\" itemtype=\"https:\/\/schema.org\/CreativeWork\" ><div class='avia_textblock  av_inherit_color'  style='font-size:40px; color:#988467; '  itemprop=\"text\" ><h1 style=\"text-align: right;\"><strong>QUALIT\u00c4T<\/strong><br \/>\n<strong>DIE \u00dcBERZEUGT!<\/strong><\/h1>\n<h3 style=\"text-align: right;\"><strong>MEHR ALS NUR STROM<br \/>\n<\/strong><\/h3>\n<\/div><\/section><\/p><\/div><div class=\"flex_column av_one_half   \"><section class=\"av_textblock_section\"  itemscope=\"itemscope\" itemtype=\"https:\/\/schema.org\/CreativeWork\" ><div class='avia_textblock  av_inherit_color'  style='font-size:20px; color:#000000; '  itemprop=\"text\" ><p>Die Rath Elektrotechnik GmbH ist ein traditionelles, \u00f6sterreichisches Elektrounternehmen mit dem Ziel, individuelle Kundenw\u00fcnsche von der Planung bis zur professionellen Ausf\u00fchrung umzusetzen.<\/p>\n<p>Unsere Kernkompetenzen sind die pers\u00f6nliche Beratung, Planung, Angebotserstellung, gesamte Elektroinstallation inklusive Schnittstellenkoordinierung, Inbetriebnahme und Schulung.<\/p>\n<h6>Roland Rath<\/h6>\n<\/div><\/section><\/div><\/p>\n<div  class='hr hr-default '><span class='hr-inner ' ><span class='hr-inner-style'><\/span><\/span><\/div>\n<div class=\"flex_column av_one_fifth first  \"><p><div class='avia-image-container  av-styling-circle  avia-align-center '  itemscope=\"itemscope\" itemtype=\"https:\/\/schema.org\/ImageObject\"  ><div class='avia-image-container-inner'><a href='http:\/\/www.rath-elektro.at\/wp\/?page_id=27' class='avia_image'  ><img class='avia_image ' src='http:\/\/www.rath-elektro.at\/wp\/wp-content\/uploads\/2015\/02\/Planung.jpg' alt='' title='Planung'  itemprop=\"contentURL\"  \/><\/a><\/div><\/div><br \/>\n<section class=\"av_textblock_section\"  itemscope=\"itemscope\" itemtype=\"https:\/\/schema.org\/CreativeWork\" ><div class='avia_textblock '   itemprop=\"text\" ><p style=\"text-align: center;\">PLANUNG<\/p>\n<\/div><\/section><\/p><\/div>\n<div class=\"flex_column av_one_fifth   \"><p><div class='avia-image-container  av-styling-circle  avia-align-center '  itemscope=\"itemscope\" itemtype=\"https:\/\/schema.org\/ImageObject\"  ><div class='avia-image-container-inner'><a href='http:\/\/www.rath-elektro.at\/wp\/?page_id=29' class='avia_image'  ><img class='avia_image ' src='http:\/\/www.rath-elektro.at\/wp\/wp-content\/uploads\/2015\/02\/Elektroinstallation.jpg' alt='' title='Elektroinstallation'  itemprop=\"contentURL\"  \/><\/a><\/div><\/div><br \/>\n<section class=\"av_textblock_section\"  itemscope=\"itemscope\" itemtype=\"https:\/\/schema.org\/CreativeWork\" ><div class='avia_textblock '   itemprop=\"text\" ><p style=\"text-align: center;\">ELEKTROINSTALLATION<\/p>\n<\/div><\/section><\/p><\/div>\n<div class=\"flex_column av_one_fifth   \"><p><div class='avia-image-container  av-styling-circle  avia-align-center '  itemscope=\"itemscope\" itemtype=\"https:\/\/schema.org\/ImageObject\"  ><div class='avia-image-container-inner'><a href='http:\/\/www.rath-elektro.at\/wp\/?page_id=31' class='avia_image'  ><img class='avia_image ' src='http:\/\/www.rath-elektro.at\/wp\/wp-content\/uploads\/2015\/02\/AlarmSicherheit.jpg' alt='' title='Alarm&amp;Sicherheit'  itemprop=\"contentURL\"  \/><\/a><\/div><\/div><br \/>\n<section class=\"av_textblock_section\"  itemscope=\"itemscope\" itemtype=\"https:\/\/schema.org\/CreativeWork\" ><div class='avia_textblock '   itemprop=\"text\" ><p style=\"text-align: center;\">ALARM &amp; SICHERHEIT<\/p>\n<\/div><\/section><\/p><\/div>\n<div class=\"flex_column av_one_fifth   \"><p><div class='avia-image-container  av-styling-circle  avia-align-center '  itemscope=\"itemscope\" itemtype=\"https:\/\/schema.org\/ImageObject\"  ><div class='avia-image-container-inner'><a href='http:\/\/www.rath-elektro.at\/wp\/?page_id=33' class='avia_image'  ><img class='avia_image ' src='http:\/\/www.rath-elektro.at\/wp\/wp-content\/uploads\/2015\/02\/IT.jpg' alt='' title='IT'  itemprop=\"contentURL\"  \/><\/a><\/div><\/div><br \/>\n<section class=\"av_textblock_section\"  itemscope=\"itemscope\" itemtype=\"https:\/\/schema.org\/CreativeWork\" ><div class='avia_textblock '   itemprop=\"text\" ><p style=\"text-align: center;\">IT-L\u00d6SUNGEN<\/p>\n<\/div><\/section><\/p><\/div>\n<div class=\"flex_column av_one_fifth   \"><p><div class='avia-image-container  av-styling-circle  avia-align-center '  itemscope=\"itemscope\" itemtype=\"https:\/\/schema.org\/ImageObject\"  ><div class='avia-image-container-inner'><a href='http:\/\/www.rath-elektro.at\/wp\/?page_id=37' class='avia_image'  ><img class='avia_image ' src='http:\/\/www.rath-elektro.at\/wp\/wp-content\/uploads\/2015\/02\/energie_start_2.png' alt='' title='energie_start_2'  itemprop=\"contentURL\"  \/><\/a><\/div><\/div><br \/>\n<section class=\"av_textblock_section\"  itemscope=\"itemscope\" itemtype=\"https:\/\/schema.org\/CreativeWork\" ><div class='avia_textblock '   itemprop=\"text\" ><p style=\"text-align: center;\">ENERGIE EFFIZIENZ<\/p>\n<\/div><\/section><\/p><\/div>\n<div  class='hr hr-default '><span class='hr-inner ' ><span class='hr-inner-style'><\/span><\/span><\/div>\n<div style='height:30px' class='hr hr-invisible '><span class='hr-inner ' ><span class='hr-inner-style'><\/span><\/span><\/div>\n<\/div><\/div><\/div><!-- close content main div --><\/div><\/div><div id='av_section_1' class='avia-section main_color avia-section-large avia-no-border-styling avia-bg-style-scroll  container_wrap sidebar_left' style = 'background-color: #e2001a; '  ><div class='container' ><div class='template-page content  av-content-small units'><div class='post-entry post-entry-type-page post-entry-8'><div class='entry-content-wrapper clearfix'>\n<div class=\"flex_column av_one_third first  \"><section class=\"av_textblock_section\"  itemscope=\"itemscope\" itemtype=\"https:\/\/schema.org\/CreativeWork\" ><div class='avia_textblock  av_inherit_color'  style='font-size:20px; color:#ffffff; '  itemprop=\"text\" ><p style=\"text-align: center;\">\u00d6FFNUNGSZEITEN<\/p>\n<h3 style=\"text-align: center;\"><strong>Mo.- Fr.<\/strong><br \/>\n<strong>07:00 -12:00<\/strong><br \/>\n<strong>13:00 &#8211; 17:00<\/strong><\/h3>\n<\/div><\/section><\/div><div class=\"flex_column av_one_third   \"><section class=\"av_textblock_section\"  itemscope=\"itemscope\" itemtype=\"https:\/\/schema.org\/CreativeWork\" ><div class='avia_textblock  av_inherit_color'  style='font-size:20px; color:#ffffff; '  itemprop=\"text\" ><p style=\"text-align: center;\">HOTLINE<\/p>\n<h3 style=\"text-align: center;\"><strong>0732\/661 665<\/strong><\/h3>\n<\/div><\/section><\/div><div class=\"flex_column av_one_third   \"><section class=\"av_textblock_section\"  itemscope=\"itemscope\" itemtype=\"https:\/\/schema.org\/CreativeWork\" ><div class='avia_textblock  av_inherit_color'  style='font-size:20px; color:#ffffff; '  itemprop=\"text\" ><p style=\"text-align: center;\">STANDORT<\/p>\n<h3 style=\"text-align: center;\"><strong>Fr\u00f6belstrasse 10<\/strong><br \/>\n<strong>4020 Linz \/ Austria<\/strong><\/h3>\n<\/div><\/section><\/div>\n<\/div><\/div><\/div><!-- close content main div --><\/div><\/div><div id='after_section_1' class='main_color container_wrap sidebar_left'   ><div class='container' ><div class='template-page content  av-content-small units'><div class='post-entry post-entry-type-page post-entry-8'><div class='entry-content-wrapper clearfix'>\n","protected":false},"excerpt":{"rendered":"","protected":false},"author":1,"featured_media":0,"parent":0,"menu_order":0,"comment_status":"open","ping_status":"closed","template":"","meta":[],"_links":{"self":[{"href":"http:\/\/www.rath-elektro.at\/wp\/index.php?rest_route=\/wp\/v2\/pages\/8"}],"collection":[{"href":"http:\/\/www.rath-elektro.at\/wp\/index.php?rest_route=\/wp\/v2\/pages"}],"about":[{"href":"http:\/\/www.rath-elektro.at\/wp\/index.php?rest_route=\/wp\/v2\/types\/page"}],"author":[{"embeddable":true,"href":"http:\/\/www.rath-elektro.at\/wp\/index.php?rest_route=\/wp\/v2\/users\/1"}],"replies":[{"embeddable":true,"href":"http:\/\/www.rath-elektro.at\/wp\/index.php?rest_route=%2Fwp%2Fv2%2Fcomments&post=8"}],"version-history":[{"count":108,"href":"http:\/\/www.rath-elektro.at\/wp\/index.php?rest_route=\/wp\/v2\/pages\/8\/revisions"}],"predecessor-version":[{"id":823,"href":"http:\/\/www.rath-elektro.at\/wp\/index.php?rest_route=\/wp\/v2\/pages\/8\/revisions\/823"}],"wp:attachment":[{"href":"http:\/\/www.rath-elektro.at\/wp\/index.php?rest_route=%2Fwp%2Fv2%2Fmedia&parent=8"}],"curies":[{"name":"wp","href":"https:\/\/api.w.org\/{rel}","templated":true}]}}